{"id":46,"date":"2025-11-16T18:21:20","date_gmt":"2025-11-16T18:21:20","guid":{"rendered":"https:\/\/2amores.com\/blog\/?page_id=46"},"modified":"2025-11-16T18:21:20","modified_gmt":"2025-11-16T18:21:20","slug":"presentacion","status":"publish","type":"page","link":"https:\/\/2amores.com\/blog\/presentacion\/","title":{"rendered":"Presentaci\u00f3n"},"content":{"rendered":"\n<figure class=\"wp-block-image size-large\"><img loading=\"lazy\" decoding=\"async\" width=\"747\" height=\"1024\" src=\"https:\/\/2amores.com\/blog\/wp-content\/uploads\/2025\/11\/Generated-Image-November-16-2025-1_16PM-747x1024.png\" alt=\"\" class=\"wp-image-47\" srcset=\"https:\/\/2amores.com\/blog\/wp-content\/uploads\/2025\/11\/Generated-Image-November-16-2025-1_16PM-747x1024.png 747w, https:\/\/2amores.com\/blog\/wp-content\/uploads\/2025\/11\/Generated-Image-November-16-2025-1_16PM-219x300.png 219w, https:\/\/2amores.com\/blog\/wp-content\/uploads\/2025\/11\/Generated-Image-November-16-2025-1_16PM-768x1052.png 768w, https:\/\/2amores.com\/blog\/wp-content\/uploads\/2025\/11\/Generated-Image-November-16-2025-1_16PM.png 864w\" sizes=\"auto, (max-width: 747px) 85vw, 747px\" \/><\/figure>\n\n\n\n<p><strong>Bienvenida al espacio donde la moda y la maternidad se encuentran. En este blog encontrar\u00e1s todo lo que necesitas saber sobre ropa materna, desde los mejores outfits para cada trimestre hasta recomendaciones de tejidos, tallas y prendas b\u00e1sicas que te acompa\u00f1ar\u00e1n durante tu embarazo.<\/strong><\/p>\n\n\n\n<p>Aqu\u00ed exploramos tendencias, analizamos qu\u00e9 tipo de ropa favorece tu figura en cada etapa y te ayudamos a elegir prendas que te brinden comodidad sin renunciar al estilo. Tambi\u00e9n descubrir\u00e1s gu\u00edas pr\u00e1cticas, comparativas, looks reales y consejos para crear un cl\u00f3set funcional durante la maternidad.<\/p>\n\n\n\n<p>Nuestro objetivo es ayudarte a sentirte incre\u00edble, segura y c\u00f3moda durante toda tu etapa de embarazo, con informaci\u00f3n clara y \u00fatil pensada especialmente para futuras mam\u00e1s.<\/p>\n","protected":false},"excerpt":{"rendered":"<p>Bienvenida al espacio donde la moda y la maternidad se encuentran. En este blog encontrar\u00e1s todo lo que necesitas saber sobre ropa materna, desde los mejores outfits para cada trimestre hasta recomendaciones de tejidos, tallas y prendas b\u00e1sicas que te acompa\u00f1ar\u00e1n durante tu embarazo. Aqu\u00ed exploramos tendencias, analizamos qu\u00e9 tipo de ropa favorece tu figura &hellip; <a href=\"https:\/\/2amores.com\/blog\/presentacion\/\" class=\"more-link\">Continuar leyendo<span class=\"screen-reader-text\"> \u00abPresentaci\u00f3n\u00bb<\/span><\/a><\/p>\n","protected":false},"author":1,"featured_media":0,"parent":0,"menu_order":0,"comment_status":"closed","ping_status":"closed","template":"","meta":{"pagelayer_contact_templates":[],"_pagelayer_content":"","footnotes":""},"class_list":["post-46","page","type-page","status-publish","hentry"],"_links":{"self":[{"href":"https:\/\/2amores.com\/blog\/wp-json\/wp\/v2\/pages\/46","targetHints":{"allow":["GET"]}}],"collection":[{"href":"https:\/\/2amores.com\/blog\/wp-json\/wp\/v2\/pages"}],"about":[{"href":"https:\/\/2amores.com\/blog\/wp-json\/wp\/v2\/types\/page"}],"author":[{"embeddable":true,"href":"https:\/\/2amores.com\/blog\/wp-json\/wp\/v2\/users\/1"}],"replies":[{"embeddable":true,"href":"https:\/\/2amores.com\/blog\/wp-json\/wp\/v2\/comments?post=46"}],"version-history":[{"count":1,"href":"https:\/\/2amores.com\/blog\/wp-json\/wp\/v2\/pages\/46\/revisions"}],"predecessor-version":[{"id":48,"href":"https:\/\/2amores.com\/blog\/wp-json\/wp\/v2\/pages\/46\/revisions\/48"}],"wp:attachment":[{"href":"https:\/\/2amores.com\/blog\/wp-json\/wp\/v2\/media?parent=46"}],"curies":[{"name":"wp","href":"https:\/\/api.w.org\/{rel}","templated":true}]}}